{"id":37,"date":"2020-08-17T12:58:28","date_gmt":"2020-08-17T12:58:28","guid":{"rendered":"https:\/\/maciek.zaki.pl\/?page_id=37"},"modified":"2020-09-15T14:14:37","modified_gmt":"2020-09-15T14:14:37","slug":"strona-glowna","status":"publish","type":"page","link":"https:\/\/wypozyczalniasaksofonow.pl\/","title":{"rendered":"Witamy na stronie!"},"content":{"rendered":"\r\n<p>&nbsp;<\/p>\r\n\r\n\r\n\r\n<h6>Oferujemy wypo\u017cyczenie saksofon\u00f3w.<\/h6>\r\n\r\n\r\n\r\n<p>&nbsp;<\/p>\r\n<p>Mamy dost\u0119pne saksofony altowe, tenorowe i sopranowe. R\u00f3\u017cnych marek.<\/p>\r\n\r\n\r\n\r\n<p>Chcesz przetestowa\u0107 swoje umiej\u0119tno\u015bci zanim kupisz sw\u00f3j w\u0142asny instrument?<\/p>\r\n\r\n\r\n\r\n<p>Potrzebujesz saksofon na lekcje i do codziennych \u0107wicze\u0144?<\/p>\r\n\r\n\r\n\r\n<p>Mo\u017ce saksofon jest Ci potrzebny na jak\u0105\u015b specjaln\u0105 okazj\u0119?<\/p>\r\n\r\n\r\n\r\n<p>Jeste\u015bmy dla Ciebie!!<\/p>\r\n<p>&nbsp;<\/p>\r\n\r\n\r\n\r\n<h6>Jak to dzia\u0142a?<\/h6>\r\n\r\n\r\n\r\n<p>&nbsp;<\/p>\r\n<p>Podpisujemy umow\u0119 wypo\u017cyczenia na okres minimum miesi\u0105ca, z mo\u017cliwo\u015bci\u0105 przed\u0142u\u017cenia.<\/p>\r\n\r\n\r\n\r\n<p>Nie p\u0142acisz kaucji. Pobieramy jednorazow\u0105 op\u0142at\u0119 serwisow\u0105 100 z\u0142.<\/p>\r\n\r\n\r\n\r\n<p>Op\u0142acasz rachunek za wypo\u017cyczenie, za ka\u017cdy miesi\u0105c z g\u00f3ry. Pierwszym dniem okresu rozliczeniowego jest dzie\u0144 w kt\u00f3rym podpisujesz umow\u0119 najmu.<\/p>\r\n\r\n\r\n\r\n<p>Saksofony pakujemy w bezpieczny spos\u00f3b i wysy\u0142amy na terenie ca\u0142ego kraju. Wszystko mo\u017cemy za\u0142atwi\u0107 ca\u0142kowicie zdalnie.<\/p>\r\n\r\n\r\n\r\n<p>Wysy\u0142ka ju\u017c w 24H !<\/p>\r\n\r\n\r\n\r\n<p>Je\u015bli jeste\u015b z okolic Poznania, mo\u017cesz przyj\u015b\u0107 i osobi\u015bcie odebra\u0107 sprz\u0119t. Mo\u017cesz wtedy oczywi\u015bcie na miejscu go ogra\u0107.<\/p>\r\n\r\n\r\n\r\n<p>Takie to proste!<\/p>\r\n\r\n\r\n\r\n<p>Zach\u0119camy do kontaktu je\u015bli interesuje ci\u0119 konkretny sprz\u0119t. Saksofony wracaj\u0105 i wyje\u017cd\u017caj\u0105 niemal ka\u017cdego dnia.<\/p>\r\n\r\n\r\n\r\n<p>Je\u015bli wi\u0119c czego\u015b dzi\u015b nie ma &#8211; jutro mo\u017ce by\u0107 dost\u0119pne.<\/p>\r\n","protected":false},"excerpt":{"rendered":"<p>&nbsp; Oferujemy wypo\u017cyczenie saksofon\u00f3w. &nbsp; Mamy dost\u0119pne saksofony altowe, tenorowe i sopranowe. R\u00f3\u017cnych marek. Chcesz przetestowa\u0107 swoje umiej\u0119tno\u015bci zanim kupisz sw\u00f3j w\u0142asny instrument? Potrzebujesz saksofon na lekcje i do codziennych \u0107wicze\u0144? Mo\u017ce saksofon jest Ci potrzebny na jak\u0105\u015b specjaln\u0105 okazj\u0119? Jeste\u015bmy dla Ciebie!! &nbsp; Jak to dzia\u0142a? &nbsp; Podpisujemy umow\u0119 &hellip;<\/p>\n","protected":false},"author":1,"featured_media":0,"parent":0,"menu_order":0,"comment_status":"closed","ping_status":"closed","template":"","meta":{"om_disable_all_campaigns":false,"_mi_skip_tracking":false},"aioseo_notices":[],"_links":{"self":[{"href":"https:\/\/wypozyczalniasaksofonow.pl\/index.php?rest_route=\/wp\/v2\/pages\/37"}],"collection":[{"href":"https:\/\/wypozyczalniasaksofonow.pl\/index.php?rest_route=\/wp\/v2\/pages"}],"about":[{"href":"https:\/\/wypozyczalniasaksofonow.pl\/index.php?rest_route=\/wp\/v2\/types\/page"}],"author":[{"embeddable":true,"href":"https:\/\/wypozyczalniasaksofonow.pl\/index.php?rest_route=\/wp\/v2\/users\/1"}],"replies":[{"embeddable":true,"href":"https:\/\/wypozyczalniasaksofonow.pl\/index.php?rest_route=%2Fwp%2Fv2%2Fcomments&post=37"}],"version-history":[{"count":12,"href":"https:\/\/wypozyczalniasaksofonow.pl\/index.php?rest_route=\/wp\/v2\/pages\/37\/revisions"}],"predecessor-version":[{"id":321,"href":"https:\/\/wypozyczalniasaksofonow.pl\/index.php?rest_route=\/wp\/v2\/pages\/37\/revisions\/321"}],"wp:attachment":[{"href":"https:\/\/wypozyczalniasaksofonow.pl\/index.php?rest_route=%2Fwp%2Fv2%2Fmedia&parent=37"}],"curies":[{"name":"wp","href":"https:\/\/api.w.org\/{rel}","templated":true}]}}