{"id":78,"date":"2020-08-17T17:57:52","date_gmt":"2020-08-17T17:57:52","guid":{"rendered":"https:\/\/maciek.zaki.pl\/?page_id=78"},"modified":"2021-02-19T10:29:41","modified_gmt":"2021-02-19T10:29:41","slug":"polecamy","status":"publish","type":"page","link":"https:\/\/wypozyczalniasaksofonow.pl\/?page_id=78","title":{"rendered":"Polecamy"},"content":{"rendered":"\r\n<h1 style=\"text-align: center;\">Tutaj znajdziesz kontakty zar\u00f3wno z bran\u017cy jak i spoza niej, z kt\u00f3rymi wsp\u00f3\u0142pracujemy, b\u0105d\u017a je po prostu polecamy<\/h1>\r\n\r\n\r\n\r\n<p>&nbsp;<\/p>\r\n\r\n\r\n\r\n<p>&nbsp;<\/p>\r\n\r\n\r\n\r\n<h2 class=\"has-text-align-center\" style=\"text-align: center;\"><strong>Serwis saksofon\u00f3w<\/strong><\/h2>\r\n\r\n\r\n\r\n<div class=\"wp-block-image\">\r\n<figure class=\"aligncenter size-large is-resized\"><a href=\"https:\/\/wypozyczalniasaksofonow.pl\/wp-content\/uploads\/2020\/09\/1599591426084-scaled.jpg\"><img loading=\"lazy\" class=\"wp-image-233 aligncenter\" src=\"https:\/\/wypozyczalniasaksofonow.pl\/wp-content\/uploads\/2020\/09\/1599591426084-1024x768.jpg\" alt=\"\" width=\"395\" height=\"296\" srcset=\"https:\/\/wypozyczalniasaksofonow.pl\/wp-content\/uploads\/2020\/09\/1599591426084-1024x768.jpg 1024w, https:\/\/wypozyczalniasaksofonow.pl\/wp-content\/uploads\/2020\/09\/1599591426084-300x225.jpg 300w, https:\/\/wypozyczalniasaksofonow.pl\/wp-content\/uploads\/2020\/09\/1599591426084-768x576.jpg 768w, https:\/\/wypozyczalniasaksofonow.pl\/wp-content\/uploads\/2020\/09\/1599591426084-1536x1152.jpg 1536w, https:\/\/wypozyczalniasaksofonow.pl\/wp-content\/uploads\/2020\/09\/1599591426084-2048x1536.jpg 2048w, https:\/\/wypozyczalniasaksofonow.pl\/wp-content\/uploads\/2020\/09\/1599591426084-467x350.jpg 467w\" sizes=\"(max-width: 395px) 100vw, 395px\" \/><\/a><\/figure>\r\n<\/div>\r\n\r\n\r\n\r\n<h3 class=\"has-text-align-center\" style=\"text-align: center;\">Romgesflet Lubo\u0144<\/h3>\r\n\r\n\r\n\r\n<p class=\"has-text-align-center\" style=\"text-align: center;\">Zak\u0142ad Naprawy Instrument\u00f3w D\u0119tych<\/p>\r\n\r\n\r\n\r\n<p class=\"has-text-align-center\" style=\"text-align: center;\">tel. 601-852-105<\/p>\r\n\r\n\r\n\r\n\r\n\r\n\r\n\r\n\r\n\r\n<h2>\u00a0<\/h2>\r\n<h2 style=\"text-align: center;\"><strong>Polecani nauczyciele:<\/strong><\/h2>\r\n\r\n\r\n\r\n<p style=\"text-align: center;\">Maciej Wojtkowiak &#8211; lekcje gry na gitarze &#8211; Lubo\u0144; tel.782-665-978<\/p>\r\n<p style=\"text-align: center;\">Szko\u0142a muzyczna &#8211; Puszczykowo &#8211; <a target=\"_blank\" href=\"https:\/\/www.viaartis.pl\/\" rel=\"noopener\">https:\/\/www.viaartis.pl\/<\/a><\/p>\r\n<p style=\"text-align: center;\">Kacper Krupa &#8211; lekcje gry na saksofonie &#8211; Pozna\u0144; tel. 530-876-368<\/p>\r\n\r\n\r\n\r\n<h2>\u00a0<\/h2>\r\n<p>&nbsp;<\/p>\r\n<h2 class=\"has-text-align-center\" style=\"text-align: center;\"><strong>R\u0119kodzie\u0142o<\/strong><\/h2>\r\n<figure class=\"wp-block-gallery aligncenter columns-1 is-cropped\">\r\n<figure><a target=\"_blank\" href=\"https:\/\/www.facebook.com\/TESznurki\" rel=\"noopener\"><img loading=\"lazy\" class=\"wp-image-258 aligncenter\" src=\"https:\/\/wypozyczalniasaksofonow.pl\/wp-content\/uploads\/2020\/09\/tesznurki-logo-1-e1599596953511.jpg\" alt=\"\" width=\"195\" height=\"76\" data-id=\"258\" data-full-url=\"https:\/\/wypozyczalniasaksofonow.pl\/wp-content\/uploads\/2020\/09\/tesznurki-logo-1-e1599596953511.jpg\" data-link=\"https:\/\/wypozyczalniasaksofonow.pl\/tesznurki-logo-2\" srcset=\"https:\/\/wypozyczalniasaksofonow.pl\/wp-content\/uploads\/2020\/09\/tesznurki-logo-1-e1599596953511.jpg 688w, https:\/\/wypozyczalniasaksofonow.pl\/wp-content\/uploads\/2020\/09\/tesznurki-logo-1-e1599596953511-300x117.jpg 300w, https:\/\/wypozyczalniasaksofonow.pl\/wp-content\/uploads\/2020\/09\/tesznurki-logo-1-e1599596953511-611x238.jpg 611w\" sizes=\"(max-width: 195px) 100vw, 195px\" \/><\/a><\/figure>\r\n<\/figure>\r\n\r\n\r\n\r\n<p class=\"has-text-align-center\" style=\"text-align: center;\">Teresa za pomoc\u0105 szyde\u0142ka robi \u015bwietne rzeczy: torebki, koszyki, podk\u0142adki na st\u00f3\u0142, chusty i wiele innych.<\/p>\r\n\r\n\r\n\r\n<p class=\"has-text-align-center\" style=\"text-align: center;\">Koniecznie zajrzyjcie tutaj: <a target=\"_blank\" href=\"https:\/\/www.facebook.com\/TESznurki\" rel=\"noopener\">https:\/\/www.facebook.com\/TESznurki<\/a><\/p>\r\n","protected":false},"excerpt":{"rendered":"<p>Tutaj znajdziesz kontakty zar\u00f3wno z bran\u017cy jak i spoza niej, z kt\u00f3rymi wsp\u00f3\u0142pracujemy, b\u0105d\u017a je po prostu polecamy &nbsp; &nbsp; Serwis saksofon\u00f3w Romgesflet Lubo\u0144 Zak\u0142ad Naprawy Instrument\u00f3w D\u0119tych tel. 601-852-105 \u00a0 Polecani nauczyciele: Maciej Wojtkowiak &#8211; lekcje gry na gitarze &#8211; Lubo\u0144; tel.782-665-978 Szko\u0142a muzyczna &#8211; Puszczykowo &#8211; https:\/\/www.viaartis.pl\/ Kacper &hellip;<\/p>\n","protected":false},"author":1,"featured_media":0,"parent":0,"menu_order":0,"comment_status":"closed","ping_status":"closed","template":"","meta":{"om_disable_all_campaigns":false,"_mi_skip_tracking":false},"aioseo_notices":[],"_links":{"self":[{"href":"https:\/\/wypozyczalniasaksofonow.pl\/index.php?rest_route=\/wp\/v2\/pages\/78"}],"collection":[{"href":"https:\/\/wypozyczalniasaksofonow.pl\/index.php?rest_route=\/wp\/v2\/pages"}],"about":[{"href":"https:\/\/wypozyczalniasaksofonow.pl\/index.php?rest_route=\/wp\/v2\/types\/page"}],"author":[{"embeddable":true,"href":"https:\/\/wypozyczalniasaksofonow.pl\/index.php?rest_route=\/wp\/v2\/users\/1"}],"replies":[{"embeddable":true,"href":"https:\/\/wypozyczalniasaksofonow.pl\/index.php?rest_route=%2Fwp%2Fv2%2Fcomments&post=78"}],"version-history":[{"count":61,"href":"https:\/\/wypozyczalniasaksofonow.pl\/index.php?rest_route=\/wp\/v2\/pages\/78\/revisions"}],"predecessor-version":[{"id":333,"href":"https:\/\/wypozyczalniasaksofonow.pl\/index.php?rest_route=\/wp\/v2\/pages\/78\/revisions\/333"}],"wp:attachment":[{"href":"https:\/\/wypozyczalniasaksofonow.pl\/index.php?rest_route=%2Fwp%2Fv2%2Fmedia&parent=78"}],"curies":[{"name":"wp","href":"https:\/\/api.w.org\/{rel}","templated":true}]}}